{"id":2260,"date":"2021-10-28T09:46:03","date_gmt":"2021-10-28T07:46:03","guid":{"rendered":"https:\/\/www.weingut-schott.de\/neu\/?page_id=2260"},"modified":"2022-07-25T11:58:18","modified_gmt":"2022-07-25T09:58:18","slug":"lieferkosten","status":"publish","type":"page","link":"https:\/\/www.weingut-schott.de\/neu\/lieferkosten\/","title":{"rendered":"Lieferkosten"},"content":{"rendered":"<section class=\"wpb-content-wrapper\"><p>[vc_row css=&#8221;.vc_custom_1635937473776{background-color: #ffffff !important;}&#8221;][vc_column]<div class=\"sc_section section_style_underline\"><div class=\"sc_section_inner\"><h6 class=\"sc_section_subtitle sc_item_subtitle\">Unsere Lieferkosten<\/h6><h3 class=\"sc_section_title sc_item_title\">Auf einen Blick<\/h3><div class=\"sc_section_descr sc_item_descr\">Die Lieferung erfolgt grunds\u00e4tzlich gegen Vorkasse. Der Versand der Ware erfolgt innerhalb von max. 7 Werktagen nach Zahlungseingang,sofern keine anderweitige Vereinbarung getroffen wird. F\u00fcr den Fall, dass besondere Versandw\u00fcnsche bestehen, so k\u00f6nnen Sie diese bei der Bestellung mit angeben.<\/div><div class=\"sc_section_content_wrap\"><\/div><\/div><\/div>[\/vc_column][\/vc_row][vc_row css=&#8221;.vc_custom_1635937508061{background-color: #ffffff !important;}&#8221;][vc_column][vc_separator color=&#8221;black&#8221;][\/vc_column][\/vc_row][vc_row css=&#8221;.vc_custom_1635937517832{background-color: #ffffff !important;}&#8221;][vc_column][vc_column_text]<\/p>\n<h4 style=\"text-align: center;\">1-11 PRODUKTE \u00a0\u2013 6.50 EURO<br \/>\nAB 12 PRODUKTE \u2013 \u00a0FREI HAUS<\/h4>\n<p>[\/vc_column_text][\/vc_column][\/vc_row][vc_row css=&#8221;.vc_custom_1635937536870{background-color: #ffffff !important;}&#8221;][vc_column][vc_empty_space][\/vc_column][vc_column][\/vc_column][\/vc_row]<\/p>\n<\/section>","protected":false},"excerpt":{"rendered":"<p>[vc_row css=&#8221;.vc_custom_1635937473776{background-color: #ffffff !important;}&#8221;][vc_column][\/vc_column][\/vc_row][vc_row css=&#8221;.vc_custom_1635937508061{background-color: #ffffff !important;}&#8221;][vc_column][vc_separator color=&#8221;black&#8221;][\/vc_column][\/vc_row][vc_row css=&#8221;.vc_custom_1635937517832{background-color: #ffffff !important;}&#8221;][vc_column][vc_column_text] 1-11 PRODUKTE \u00a0\u2013 6.50 EURO AB 12 PRODUKTE \u2013 \u00a0FREI HAUS [\/vc_column_text][\/vc_column][\/vc_row][vc_row css=&#8221;.vc_custom_1635937536870{background-color: #ffffff !important;}&#8221;][vc_column][vc_empty_space][\/vc_column][vc_column][\/vc_column][\/vc_row]<\/p>\n","protected":false},"author":1,"featured_media":0,"parent":0,"menu_order":0,"comment_status":"closed","ping_status":"closed","template":"","meta":[],"_links":{"self":[{"href":"https:\/\/www.weingut-schott.de\/neu\/wp-json\/wp\/v2\/pages\/2260"}],"collection":[{"href":"https:\/\/www.weingut-schott.de\/neu\/wp-json\/wp\/v2\/pages"}],"about":[{"href":"https:\/\/www.weingut-schott.de\/neu\/wp-json\/wp\/v2\/types\/page"}],"author":[{"embeddable":true,"href":"https:\/\/www.weingut-schott.de\/neu\/wp-json\/wp\/v2\/users\/1"}],"replies":[{"embeddable":true,"href":"https:\/\/www.weingut-schott.de\/neu\/wp-json\/wp\/v2\/comments?post=2260"}],"version-history":[{"count":7,"href":"https:\/\/www.weingut-schott.de\/neu\/wp-json\/wp\/v2\/pages\/2260\/revisions"}],"predecessor-version":[{"id":2645,"href":"https:\/\/www.weingut-schott.de\/neu\/wp-json\/wp\/v2\/pages\/2260\/revisions\/2645"}],"wp:attachment":[{"href":"https:\/\/www.weingut-schott.de\/neu\/wp-json\/wp\/v2\/media?parent=2260"}],"curies":[{"name":"wp","href":"https:\/\/api.w.org\/{rel}","templated":true}]}}