{"id":2583,"date":"2022-05-28T09:40:29","date_gmt":"2022-05-28T07:40:29","guid":{"rendered":"https:\/\/www.weingut-schott.de\/neu\/?page_id=2583"},"modified":"2022-06-04T12:34:37","modified_gmt":"2022-06-04T10:34:37","slug":"widerruf","status":"publish","type":"page","link":"https:\/\/www.weingut-schott.de\/neu\/widerruf\/","title":{"rendered":"Widerruf"},"content":{"rendered":"<section class=\"wpb-content-wrapper\"><p>[vc_row inverse=&#8221;&#8221; css=&#8221;.vc_custom_1654338639808{padding-top: 3em !important;padding-bottom: 7em !important;background-color: #ffffff !important;}&#8221;][vc_column][\/vc_column][vc_column width=&#8221;1\/2&#8243;]<h6 class=\"sc_title sc_title_regular sc_align_left sc_form_subtitle sc_item_subtitle \" style=\"text-align:left;\">Widerrufsformular<\/h6><div role=\"form\" class=\"wpcf7\" id=\"wpcf7-f2582-o1\" lang=\"de-DE\" dir=\"ltr\">\n<div class=\"screen-reader-response\"><\/div>\n<form action=\"\/neu\/wp-json\/wp\/v2\/pages\/2583#wpcf7-f2582-o1\" method=\"post\" class=\"wpcf7-form\" novalidate=\"novalidate\">\n<div style=\"display: none;\">\n<input type=\"hidden\" name=\"_wpcf7\" value=\"2582\" \/>\n<input type=\"hidden\" name=\"_wpcf7_version\" value=\"5.1.7\" \/>\n<input type=\"hidden\" name=\"_wpcf7_locale\" value=\"de_DE_formal\" \/>\n<input type=\"hidden\" name=\"_wpcf7_unit_tag\" value=\"wpcf7-f2582-o1\" \/>\n<input type=\"hidden\" name=\"_wpcf7_container_post\" value=\"0\" \/>\n<\/div>\n<p><label> Ihr Name \n<span class=\"wpcf7-form-control-wrap your-name\"><input type=\"text\" name=\"your-name\" value=\"\" size=\"40\" class=\"wpcf7-form-control wpcf7-text wpcf7-validates-as-required\" aria-required=\"true\" aria-invalid=\"false\" placeholder=\"Name *\" \/><\/span><\/label><\/p><p> <label>Firma\/Lieferung an\n<span class=\"wpcf7-form-control-wrap firm-name\"><input type=\"text\" name=\"firm-name\" value=\"\" size=\"40\" class=\"wpcf7-form-control wpcf7-text wpcf7-validates-as-required\" aria-required=\"true\" aria-invalid=\"false\" placeholder=\"Firma\/Lieferung an\" \/><\/span><\/label><\/p><p><label> Bestellt am\n<span class=\"wpcf7-form-control-wrap order-on\"><input type=\"text\" name=\"order-on\" value=\"\" size=\"40\" class=\"wpcf7-form-control wpcf7-text wpcf7-validates-as-required\" aria-required=\"true\" aria-invalid=\"false\" placeholder=\"Bestellt am *\" \/><\/span><\/label><\/p>\n\n<p><label>Adresse\n <span class=\"wpcf7-form-control-wrap adres-se\"><input type=\"text\" name=\"adres-se\" value=\"\" size=\"40\" class=\"wpcf7-form-control wpcf7-text wpcf7-validates-as-required\" aria-required=\"true\" aria-invalid=\"false\" placeholder=\"Adresse *\" \/><\/span><\/label><\/p><p><label> Email\n<span class=\"wpcf7-form-control-wrap your-email\"><input type=\"email\" name=\"your-email\" value=\"\" size=\"40\" class=\"wpcf7-form-control wpcf7-text wpcf7-email wpcf7-validates-as-required wpcf7-validates-as-email\" aria-required=\"true\" aria-invalid=\"false\" placeholder=\"Email *\" \/><\/span><\/label><\/p>\n\n<p><label> Telefonnummer\n<span class=\"wpcf7-form-control-wrap Telefon\"><input type=\"text\" name=\"Telefon\" value=\"\" size=\"40\" class=\"wpcf7-form-control wpcf7-text wpcf7-validates-as-required\" aria-required=\"true\" aria-invalid=\"false\" placeholder=\"Telefonnummer*\" \/><\/span><\/label><\/p>\n\n\n\n<p><label>Erhalten am \n<span class=\"wpcf7-form-control-wrap erhalten-am\"><input type=\"text\" name=\"erhalten-am\" value=\"\" size=\"40\" class=\"wpcf7-form-control wpcf7-text wpcf7-validates-as-required\" aria-required=\"true\" aria-invalid=\"false\" placeholder=\"Erhalten am\" \/><\/span><\/label><\/p>\n<p><label>Bestellnr.\/Rechnungsnr \n<span class=\"wpcf7-form-control-wrap bestellnr-rechnungsnr\"><input type=\"text\" name=\"bestellnr-rechnungsnr\" value=\"\" size=\"40\" class=\"wpcf7-form-control wpcf7-text wpcf7-validates-as-required\" aria-required=\"true\" aria-invalid=\"false\" placeholder=\"Bestellnr.\/Rechnungsnr *\" \/><\/span><\/label><\/p>\n\n<p><label>Widerruf der Bestellung folgender Waren\n <span class=\"wpcf7-form-control-wrap your-message\"><textarea name=\"your-message\" cols=\"40\" rows=\"10\" class=\"wpcf7-form-control wpcf7-textarea\" aria-invalid=\"false\" placeholder=\"Widerruf der Bestellung folgender Waren *\"><\/textarea><\/span><\/label> <\/p>\n\n[recaptcha]\n\n<input type=\"submit\" value=\"Senden\" class=\"wpcf7-form-control wpcf7-submit\" \/> <br><br><a class=\"Wideruf\" target=\"_blank\" href=\"https:\/\/www.weingut-schott.de\/neu\/wp-content\/uploads\/2022\/05\/Widerrufsformular_Schott.pdf\">Download Widerufsformular <\/a><div class=\"wpcf7-response-output wpcf7-display-none\"><\/div><\/form><\/div>[\/vc_column][vc_column width=&#8221;1\/2&#8243;][vc_row_inner][vc_column_inner][vc_empty_space height=&#8221;50px&#8221;][\/vc_column_inner][\/vc_row_inner][vc_column_text]<\/p>\n<p class=\"p1\"><span class=\"s1\">\u00a7 4 Widerrufsbelehrung<\/span><\/p>\n<p class=\"p2\"><span class=\"s2\">4. Widerrufsbelehrung<br \/>\n<\/span><span class=\"s1\"><br \/>\n<\/span><span class=\"s2\">Widerrufsrecht<\/span><span class=\"s1\"><br \/>\n<\/span><span class=\"s2\">Sie k\u00f6nnen Ihre Vertragserkl\u00e4rung innerhalb von 14 Tagen ohne Angabe von Gr\u00fcnden durch Erkl\u00e4rung gegen\u00fcber dem Unternehmer widerrufen. Die Widerrufsfrist beginnt ab dem Tag, an dem Sie oder ein von Ihnen benannter Dritter, der nicht Bef\u00f6rderer ist, die Waren in Besitz genommen haben bzw. hat.<\/span><span class=\"s1\"><br \/>\n<\/span><span class=\"s2\">Der Widerruf ist zu richten an:<\/span><\/p>\n<p class=\"p2\"><span class=\"s2\">Weingut J\u00fcrgen Schott<\/span><span class=\"s1\"><br \/>\n<\/span><span class=\"s2\">Auf der Peterswiese 17<\/span><span class=\"s1\"><br \/>\n<\/span><span class=\"s2\">55271 Stadecken-Elsheim<\/span><span class=\"s1\"><br \/>\n<\/span><span class=\"s2\">DEUTSCHLAND<\/span><span class=\"s1\"><br \/>\n<\/span><span class=\"s2\">weingut@weingut-schott.de<\/span><span class=\"s1\"><br \/>\n<\/span><span class=\"s2\">Tel-Nr.: 06136\/3630 Fax: 06136\/3616<\/span><\/p>\n<p class=\"p2\"><span class=\"s2\">Der Widerruf muss mittels einer eindeutigen Erkl\u00e4rung \u00fcber Ihren Entschluss, den Vertrag zu widerrufen, erfolgen. <\/span><span class=\"s2\">Zur Wahrung der Widerrufsfrist reicht es aus, dass Sie die Mitteilung \u00fcber die Aus\u00fcbung des Widerrufsrechts vor Ablauf der Widerrufsfrist absenden.<\/span><\/p>\n<p class=\"p2\"><span class=\"s2\">Folgen des Widerrufs<\/span><span class=\"s1\"><br \/>\n<\/span><span class=\"s2\">Wenn Sie diesen Vertrag widerrufen, haben wir Ihnen alle Zahlungen, die wir von Ihnen erhalten haben, einschlie\u00dflich der Lieferkosten (mit Ausnahme der zus\u00e4tzlichen Kosten, die sich daraus ergeben, dass Sie eine andere Art der Lieferung als die von uns angebotene, g\u00fcnstigste Standardlieferung gew\u00e4hlt haben), unverz\u00fcglich unverz\u00fcglich und sp\u00e4testens binnen vierzehn Tagen ab dem Tag zur\u00fcckzuzahlen,an dem die Mitteilung \u00fcber Ihren Widerruf dieses Vertrags bei uns eingegangen ist. F\u00fcr diese R\u00fcckzahlung verwenden wir dasselbe Zahlungsmittel, das Sie bei der urspr\u00fcnglichen Transaktion eingesetzt haben, es sei denn, mit Ihnen wurde ausdr\u00fccklich etwas anderes vereinbart; in keinem Fall werden Ihnen wegen dieser R\u00fcckzahlung Entgelte berechnet. Wir k\u00f6nnen die R\u00fcckzahlung verweigern, bis wir die Waren wieder zur\u00fcckerhalten haben oder bis Sie den Nachweis erbracht haben, dass Sie die Waren zur\u00fcckgesandt haben, je nachdem, welches der fr\u00fchere Zeitpunkt ist. Sie haben die Waren unverz\u00fcglich und in jedem Fall sp\u00e4testens binnen vierzehn Tagen ab dem Tag, an dem Sie uns \u00fcber den Widerruf dieses Vertrages unterrichten, an uns zur\u00fcckzusenden oder zu \u00fcbergeben. Die Frist ist gewahrt, wenn Sie die Waren vor Ablauf der Frist von vierzehn Tagen absenden.<br \/>\n<\/span><span class=\"s1\"><br \/>\n<\/span><span class=\"s2\">Sie tragen die unmittelbaren Kosten der R\u00fccksendung der Waren. Sie m\u00fcssen f\u00fcr einen etwaigen Wertverlust der Waren nur aufkommen, wenn dieser Wertverlust auf einen zur Pr\u00fcfung der Beschaffenheit, Eigenschaften und Funktionsweise der Waren nicht notwendigen Umgang mit ihnen zur\u00fcckzuf\u00fchren ist.<\/span><\/p>\n<p class=\"p3\"><span class=\"s1\">Ende der Widerrufsbelehrung<\/span><\/p>\n<p>[\/vc_column_text][\/vc_column][\/vc_row]<\/p>\n<\/section>","protected":false},"excerpt":{"rendered":"<p>[vc_row inverse=&#8221;&#8221; css=&#8221;.vc_custom_1654338639808{padding-top: 3em !important;padding-bottom: 7em !important;background-color: #ffffff !important;}&#8221;][vc_column][\/vc_column][vc_column width=&#8221;1\/2&#8243;][\/vc_column][vc_column width=&#8221;1\/2&#8243;][vc_row_inner][vc_column_inner][vc_empty_space height=&#8221;50px&#8221;][\/vc_column_inner][\/vc_row_inner][vc_column_text] \u00a7 4 Widerrufsbelehrung 4. Widerrufsbelehrung Widerrufsrecht Sie k\u00f6nnen Ihre Vertragserkl\u00e4rung innerhalb von 14 Tagen ohne Angabe von Gr\u00fcnden durch Erkl\u00e4rung gegen\u00fcber dem Unternehmer widerrufen. Die Widerrufsfrist beginnt ab dem Tag, an dem Sie oder ein von Ihnen benannter Dritter, der nicht Bef\u00f6rderer ist, [&hellip;]<\/p>\n","protected":false},"author":1,"featured_media":0,"parent":0,"menu_order":0,"comment_status":"closed","ping_status":"closed","template":"","meta":[],"_links":{"self":[{"href":"https:\/\/www.weingut-schott.de\/neu\/wp-json\/wp\/v2\/pages\/2583"}],"collection":[{"href":"https:\/\/www.weingut-schott.de\/neu\/wp-json\/wp\/v2\/pages"}],"about":[{"href":"https:\/\/www.weingut-schott.de\/neu\/wp-json\/wp\/v2\/types\/page"}],"author":[{"embeddable":true,"href":"https:\/\/www.weingut-schott.de\/neu\/wp-json\/wp\/v2\/users\/1"}],"replies":[{"embeddable":true,"href":"https:\/\/www.weingut-schott.de\/neu\/wp-json\/wp\/v2\/comments?post=2583"}],"version-history":[{"count":14,"href":"https:\/\/www.weingut-schott.de\/neu\/wp-json\/wp\/v2\/pages\/2583\/revisions"}],"predecessor-version":[{"id":2586,"href":"https:\/\/www.weingut-schott.de\/neu\/wp-json\/wp\/v2\/pages\/2583\/revisions\/2586"}],"wp:attachment":[{"href":"https:\/\/www.weingut-schott.de\/neu\/wp-json\/wp\/v2\/media?parent=2583"}],"curies":[{"name":"wp","href":"https:\/\/api.w.org\/{rel}","templated":true}]}}