{"id":1946,"date":"2021-10-21T07:11:47","date_gmt":"2021-10-21T05:11:47","guid":{"rendered":"https:\/\/www.weingut-schott.de\/neu\/?post_type=product&#038;p=1946"},"modified":"2025-03-09T15:51:25","modified_gmt":"2025-03-09T14:51:25","slug":"2020-dornfelder-suess","status":"publish","type":"product","link":"https:\/\/www.weingut-schott.de\/neu\/produkt\/2020-dornfelder-suess\/","title":{"rendered":"2020 Dornfelder &#8211; s\u00fcss"},"content":{"rendered":"<p>2020 Dornfelder &#8211; s\u00fc\u00df<br \/>\nDeutscher Qualit\u00e4tswein<br \/>\nRheinhessen<br \/>\nErzeugerabf\u00fcllung:<br \/>\nWeingut Schott<br \/>\nAuf der Peterswiese 17<br \/>\n55271 Stadecken-Elsheim<\/p>\n","protected":false},"excerpt":{"rendered":"<p>0,75l &#8211; Alk. 10%vol<br \/>\nEnth\u00e4lt Sulfite<br \/>\n\u20ac 8 \/ Ltr.<br \/>\ninkl. 19 % MwSt.<br \/>\nzzgl. <a href=\"https:\/\/www.weingut-schott.de\/neu\/lieferkosten\/\">Versandkosten<\/a><\/p>\n","protected":false},"featured_media":3130,"template":"","meta":[],"product_cat":[60],"product_tag":[],"_links":{"self":[{"href":"https:\/\/www.weingut-schott.de\/neu\/wp-json\/wp\/v2\/product\/1946"}],"collection":[{"href":"https:\/\/www.weingut-schott.de\/neu\/wp-json\/wp\/v2\/product"}],"about":[{"href":"https:\/\/www.weingut-schott.de\/neu\/wp-json\/wp\/v2\/types\/product"}],"wp:featuredmedia":[{"embeddable":true,"href":"https:\/\/www.weingut-schott.de\/neu\/wp-json\/wp\/v2\/media\/3130"}],"wp:attachment":[{"href":"https:\/\/www.weingut-schott.de\/neu\/wp-json\/wp\/v2\/media?parent=1946"}],"wp:term":[{"taxonomy":"product_cat","embeddable":true,"href":"https:\/\/www.weingut-schott.de\/neu\/wp-json\/wp\/v2\/product_cat?post=1946"},{"taxonomy":"product_tag","embeddable":true,"href":"https:\/\/www.weingut-schott.de\/neu\/wp-json\/wp\/v2\/product_tag?post=1946"}],"curies":[{"name":"wp","href":"https:\/\/api.w.org\/{rel}","templated":true}]}}