{"id":1980,"date":"2021-10-21T07:53:20","date_gmt":"2021-10-21T05:53:20","guid":{"rendered":"https:\/\/www.weingut-schott.de\/neu\/?post_type=product&#038;p=1980"},"modified":"2025-03-09T15:34:33","modified_gmt":"2025-03-09T14:34:33","slug":"2018-solaris-edelsuess","status":"publish","type":"product","link":"https:\/\/www.weingut-schott.de\/neu\/produkt\/2018-solaris-edelsuess\/","title":{"rendered":"2018 Solaris &#8211; edels\u00fc\u00df"},"content":{"rendered":"<p>2018 Solaris &#8211; edels\u00fc\u00df<br \/>\nBeerenauslese Deutscher Pr\u00e4dikatswein<br \/>\nRheinhessen<br \/>\n0,5l &#8211; Alk. 11%vol<br \/>\nEnth\u00e4lt Sulfite<br \/>\nErzeugerabf\u00fcllung:<br \/>\nWeingut Schott<br \/>\nAuf der Peterswiese 17<br \/>\n55271 Stadecken-Elsheim<\/p>\n","protected":false},"excerpt":{"rendered":"<p>\u20ac 26,40 \/ Liter<br \/>\ninkl. 19 % MwSt.<br \/>\nzzgl. <a href=\"https:\/\/www.weingut-schott.de\/neu\/lieferkosten\/\">Versandkosten<\/a><\/p>\n","protected":false},"featured_media":3152,"template":"","meta":[],"product_cat":[92],"product_tag":[],"_links":{"self":[{"href":"https:\/\/www.weingut-schott.de\/neu\/wp-json\/wp\/v2\/product\/1980"}],"collection":[{"href":"https:\/\/www.weingut-schott.de\/neu\/wp-json\/wp\/v2\/product"}],"about":[{"href":"https:\/\/www.weingut-schott.de\/neu\/wp-json\/wp\/v2\/types\/product"}],"wp:featuredmedia":[{"embeddable":true,"href":"https:\/\/www.weingut-schott.de\/neu\/wp-json\/wp\/v2\/media\/3152"}],"wp:attachment":[{"href":"https:\/\/www.weingut-schott.de\/neu\/wp-json\/wp\/v2\/media?parent=1980"}],"wp:term":[{"taxonomy":"product_cat","embeddable":true,"href":"https:\/\/www.weingut-schott.de\/neu\/wp-json\/wp\/v2\/product_cat?post=1980"},{"taxonomy":"product_tag","embeddable":true,"href":"https:\/\/www.weingut-schott.de\/neu\/wp-json\/wp\/v2\/product_tag?post=1980"}],"curies":[{"name":"wp","href":"https:\/\/api.w.org\/{rel}","templated":true}]}}